{"id":391,"date":"2024-12-23T10:15:31","date_gmt":"2024-12-23T15:15:31","guid":{"rendered":"https:\/\/lacabanesucree.com\/?page_id=391"},"modified":"2024-12-23T10:30:31","modified_gmt":"2024-12-23T15:30:31","slug":"plan-du-site","status":"publish","type":"page","link":"https:\/\/lacabanesucree.com\/fr-ca\/plan-du-site\/","title":{"rendered":"Plan du site"},"content":{"rendered":"\t\t<div data-elementor-type=\"wp-page\" data-elementor-id=\"391\" class=\"elementor elementor-391\" data-elementor-post-type=\"page\">\n\t\t\t\t<div class=\"elementor-element elementor-element-6a9049c e-flex e-con-boxed e-con e-parent\" data-id=\"6a9049c\" data-element_type=\"container\" data-e-type=\"container\" data-settings=\"{&quot;background_background&quot;:&quot;classic&quot;,&quot;sticky&quot;:&quot;top&quot;,&quot;sticky_parent&quot;:&quot;yes&quot;,&quot;sticky_on&quot;:[&quot;widescreen&quot;,&quot;desktop&quot;,&quot;laptop&quot;,&quot;tablet_extra&quot;,&quot;tablet&quot;,&quot;mobile_extra&quot;,&quot;mobile&quot;],&quot;sticky_offset&quot;:0,&quot;sticky_effects_offset&quot;:0,&quot;sticky_anchor_link_offset&quot;:0}\">\n\t\t\t\t\t<div class=\"e-con-inner\">\n\t\t<div class=\"elementor-element elementor-element-37addd0 e-con-full e-flex e-con e-child\" data-id=\"37addd0\" data-element_type=\"container\" data-e-type=\"container\">\n\t\t<div class=\"elementor-element elementor-element-ba01e5c e-con-full e-flex e-con e-child\" data-id=\"ba01e5c\" data-element_type=\"container\" data-e-type=\"container\">\n\t\t\t\t<div class=\"elementor-element elementor-element-a311385 elementor-widget-mobile__width-initial elementor-widget__width-initial elementor-widget elementor-widget-heading\" data-id=\"a311385\" data-element_type=\"widget\" data-e-type=\"widget\" data-widget_type=\"heading.default\">\n\t\t\t\t<div class=\"elementor-widget-container\">\n\t\t\t\t\t<h1 class=\"elementor-heading-title elementor-size-default\">Plan du site\n<\/h1>\t\t\t\t<\/div>\n\t\t\t\t<\/div>\n\t\t\t\t<\/div>\n\t\t\t\t<\/div>\n\t\t\t\t\t<\/div>\n\t\t\t\t<\/div>\n\t\t<div class=\"elementor-element elementor-element-a853203 e-flex e-con-boxed e-con e-parent\" data-id=\"a853203\" data-element_type=\"container\" data-e-type=\"container\" data-settings=\"{&quot;background_background&quot;:&quot;classic&quot;}\">\n\t\t\t\t\t<div class=\"e-con-inner\">\n\t\t\t\t<div class=\"elementor-element elementor-element-3672a9a elementor-widget elementor-widget-heading\" data-id=\"3672a9a\" data-element_type=\"widget\" data-e-type=\"widget\" data-widget_type=\"heading.default\">\n\t\t\t\t<div class=\"elementor-widget-container\">\n\t\t\t\t\t<h2 class=\"elementor-heading-title elementor-size-default\">Plan du site<\/h2>\t\t\t\t<\/div>\n\t\t\t\t<\/div>\n\t\t\t\t\t<\/div>\n\t\t\t\t<\/div>\n\t\t<div class=\"elementor-element elementor-element-d2fafc3 e-flex e-con-boxed e-con e-parent\" data-id=\"d2fafc3\" data-element_type=\"container\" data-e-type=\"container\" data-settings=\"{&quot;background_background&quot;:&quot;classic&quot;}\">\n\t\t\t\t\t<div class=\"e-con-inner\">\n\t\t\t\t<div class=\"elementor-element elementor-element-5413bf5 elementor-widget elementor-widget-sitemap\" data-id=\"5413bf5\" data-element_type=\"widget\" data-e-type=\"widget\" data-widget_type=\"sitemap.default\">\n\t\t\t\t<div class=\"elementor-widget-container\">\n\t\t\t\t\t<div class=\"elementor-sitemap-wrap\"><div class=\"elementor-sitemap-section\"><h2 class=\"elementor-sitemap-title elementor-sitemap-page-title\">Pages<\/h2><ul class=\"elementor-sitemap-list elementor-sitemap-page-list\"><li class=\"elementor-sitemap-item elementor-sitemap-item-page page_item page-item-10\"><a href=\"https:\/\/lacabanesucree.com\/fr-ca\/\">Accueil<\/a><\/li><li class=\"elementor-sitemap-item elementor-sitemap-item-page page_item page-item-15\"><a href=\"https:\/\/lacabanesucree.com\/fr-ca\/confidentialite\/\">Confidentialit\u00e9<\/a><\/li><li class=\"elementor-sitemap-item elementor-sitemap-item-page page_item page-item-39\"><a href=\"https:\/\/lacabanesucree.com\/fr-ca\/a-propos\/\">\u00c0 Propos<\/a><\/li><li class=\"elementor-sitemap-item elementor-sitemap-item-page page_item page-item-40\"><a href=\"https:\/\/lacabanesucree.com\/fr-ca\/services\/\">Services<\/a><\/li><li class=\"elementor-sitemap-item elementor-sitemap-item-page page_item page-item-41\"><a href=\"https:\/\/lacabanesucree.com\/fr-ca\/nos-forfaits\/\">Nos Forfaits<\/a><\/li><li class=\"elementor-sitemap-item elementor-sitemap-item-page page_item page-item-43\"><a href=\"https:\/\/lacabanesucree.com\/fr-ca\/contact\/\">Contact<\/a><\/li><li class=\"elementor-sitemap-item elementor-sitemap-item-page page_item page-item-44\"><a href=\"https:\/\/lacabanesucree.com\/fr-ca\/faq\/\">FAQ<\/a><\/li><li class=\"elementor-sitemap-item elementor-sitemap-item-page page_item page-item-137 current_page_parent\"><a href=\"https:\/\/lacabanesucree.com\/fr-ca\/blogue\/\">Blogue<\/a><\/li><li class=\"elementor-sitemap-item elementor-sitemap-item-page page_item page-item-391\"><a href=\"https:\/\/lacabanesucree.com\/fr-ca\/plan-du-site\/\">Plan du site<\/a><\/li><li class=\"elementor-sitemap-item elementor-sitemap-item-page page_item page-item-685\"><a href=\"https:\/\/lacabanesucree.com\/fr-ca\/galerie\/\">Galerie<\/a><\/li><li class=\"elementor-sitemap-item elementor-sitemap-item-page page_item page-item-991\"><a href=\"https:\/\/lacabanesucree.com\/fr-ca\/evenement-corporatif\/\">\u00c9v\u00e9nement corporatif mobile avec La Cabane Sucr\u00e9e<\/a><\/li><li class=\"elementor-sitemap-item elementor-sitemap-item-page page_item page-item-1001\"><a href=\"https:\/\/lacabanesucree.com\/fr-ca\/activite-team-building\/\">Activit\u00e9 team building \u00e0 La Cabane Sucr\u00e9e<\/a><\/li><\/ul><\/div><div class=\"elementor-sitemap-section\"><h2 class=\"elementor-sitemap-title elementor-sitemap-post-title\">Articles<\/h2><ul class=\"elementor-sitemap-list elementor-sitemap-post-list\"><li class=\"elementor-sitemap-item elementor-sitemap-item-post page_item page-item-554\"><a href=\"https:\/\/lacabanesucree.com\/fr-ca\/creer-une-ambiance-festive\/\">Cr\u00e9er une ambiance festive<\/a><\/li><li class=\"elementor-sitemap-item elementor-sitemap-item-post page_item page-item-553\"><a href=\"https:\/\/lacabanesucree.com\/fr-ca\/recette-de-tire-derable-la-douceur-parfaite-pour-vos-evenements\/\">Recette de tire d&rsquo;\u00e9rable : la douceur parfaite pour vos \u00e9v\u00e9nements<\/a><\/li><li class=\"elementor-sitemap-item elementor-sitemap-item-post page_item page-item-552\"><a href=\"https:\/\/lacabanesucree.com\/fr-ca\/conseils-pour-reussir-vos-evenements\/\">Conseils pour r\u00e9ussir vos \u00e9v\u00e9nements<\/a><\/li><li class=\"elementor-sitemap-item elementor-sitemap-item-post page_item page-item-271\"><a href=\"https:\/\/lacabanesucree.com\/fr-ca\/accords-mets-et-sirop-derable-les-associations-surprenantes\/\">Accords mets et sirop d&rsquo;\u00e9rable : les associations surprenantes<\/a><\/li><li class=\"elementor-sitemap-item elementor-sitemap-item-post page_item page-item-272\"><a href=\"https:\/\/lacabanesucree.com\/fr-ca\/les-bienfaits-de-lerable-plus-quun-plaisir-gourmand\/\">Les bienfaits de l\u2019\u00e9rable : plus qu\u2019un plaisir gourmand !<\/a><\/li><li class=\"elementor-sitemap-item elementor-sitemap-item-post page_item page-item-273\"><a href=\"https:\/\/lacabanesucree.com\/fr-ca\/recette-gourmande-crepes-a-lerable-facon-cabane-a-sucre\/\">Recette gourmande : Cr\u00eapes \u00e0 l&rsquo;\u00e9rable fa\u00e7on cabane \u00e0 sucre<\/a><\/li><\/ul><\/div><\/div>\t\t\t\t<\/div>\n\t\t\t\t<\/div>\n\t\t\t\t\t<\/div>\n\t\t\t\t<\/div>\n\t\t\t\t<\/div>\n\t\t","protected":false},"excerpt":{"rendered":"<p>Plan du site Plan du site<\/p>\n","protected":false},"author":3,"featured_media":0,"parent":0,"menu_order":0,"comment_status":"closed","ping_status":"closed","template":"","meta":{"_acf_changed":false,"footnotes":""},"class_list":["post-391","page","type-page","status-publish","hentry"],"acf":[],"_links":{"self":[{"href":"https:\/\/lacabanesucree.com\/fr-ca\/wp-json\/wp\/v2\/pages\/391","targetHints":{"allow":["GET"]}}],"collection":[{"href":"https:\/\/lacabanesucree.com\/fr-ca\/wp-json\/wp\/v2\/pages"}],"about":[{"href":"https:\/\/lacabanesucree.com\/fr-ca\/wp-json\/wp\/v2\/types\/page"}],"author":[{"embeddable":true,"href":"https:\/\/lacabanesucree.com\/fr-ca\/wp-json\/wp\/v2\/users\/3"}],"replies":[{"embeddable":true,"href":"https:\/\/lacabanesucree.com\/fr-ca\/wp-json\/wp\/v2\/comments?post=391"}],"version-history":[{"count":0,"href":"https:\/\/lacabanesucree.com\/fr-ca\/wp-json\/wp\/v2\/pages\/391\/revisions"}],"wp:attachment":[{"href":"https:\/\/lacabanesucree.com\/fr-ca\/wp-json\/wp\/v2\/media?parent=391"}],"curies":[{"name":"wp","href":"https:\/\/api.w.org\/{rel}","templated":true}]}}