{"id":15,"date":"2024-01-23T19:16:35","date_gmt":"2024-01-24T00:16:35","guid":{"rendered":"https:\/\/lacabanesucree.com\/?page_id=15"},"modified":"2024-12-20T19:41:02","modified_gmt":"2024-12-21T00:41:02","slug":"confidentialite","status":"publish","type":"page","link":"https:\/\/lacabanesucree.com\/fr-ca\/confidentialite\/","title":{"rendered":"Confidentialit\u00e9"},"content":{"rendered":"\t\t<div data-elementor-type=\"wp-page\" data-elementor-id=\"15\" class=\"elementor elementor-15\" data-elementor-post-type=\"page\">\n\t\t\t\t<div class=\"elementor-element elementor-element-964c28b e-flex e-con-boxed e-con e-parent\" data-id=\"964c28b\" data-element_type=\"container\" data-e-type=\"container\" data-settings=\"{&quot;background_background&quot;:&quot;classic&quot;}\">\n\t\t\t\t\t<div class=\"e-con-inner\">\n\t\t<div class=\"elementor-element elementor-element-6f37837 e-con-full e-flex e-con e-child\" data-id=\"6f37837\" data-element_type=\"container\" data-e-type=\"container\">\n\t\t<div class=\"elementor-element elementor-element-aee79ea e-con-full e-flex e-con e-child\" data-id=\"aee79ea\" data-element_type=\"container\" data-e-type=\"container\">\n\t\t\t\t<div class=\"elementor-element elementor-element-360efe2 elementor-widget elementor-widget-heading\" data-id=\"360efe2\" data-element_type=\"widget\" data-e-type=\"widget\" data-widget_type=\"heading.default\">\n\t\t\t\t<div class=\"elementor-widget-container\">\n\t\t\t\t\t<h3 class=\"elementor-heading-title elementor-size-default\">Derni\u00e8re mise \u00e0 jour le 10 D\u00e9cembre 2024<\/h3>\t\t\t\t<\/div>\n\t\t\t\t<\/div>\n\t\t\t\t<div class=\"elementor-element elementor-element-3ccfe5f elementor-widget-mobile__width-initial elementor-widget__width-initial elementor-widget elementor-widget-heading\" data-id=\"3ccfe5f\" data-element_type=\"widget\" data-e-type=\"widget\" data-widget_type=\"heading.default\">\n\t\t\t\t<div class=\"elementor-widget-container\">\n\t\t\t\t\t<h1 class=\"elementor-heading-title elementor-size-default\">Confidentialit\u00e9<\/h1>\t\t\t\t<\/div>\n\t\t\t\t<\/div>\n\t\t\t\t<\/div>\n\t\t<div class=\"elementor-element elementor-element-bb7e8c5 e-con-full elementor-hidden-tablet_extra elementor-hidden-tablet elementor-hidden-mobile_extra elementor-hidden-mobile e-flex e-con e-child\" data-id=\"bb7e8c5\" data-element_type=\"container\" data-e-type=\"container\">\n\t\t\t\t<\/div>\n\t\t\t\t<\/div>\n\t\t\t\t\t<\/div>\n\t\t\t\t<\/div>\n\t\t<div class=\"elementor-element elementor-element-57019e9 e-flex e-con-boxed e-con e-parent\" data-id=\"57019e9\" data-element_type=\"container\" data-e-type=\"container\" data-settings=\"{&quot;background_background&quot;:&quot;classic&quot;}\">\n\t\t\t\t\t<div class=\"e-con-inner\">\n\t\t\t\t<div class=\"elementor-element elementor-element-76ef47c elementor-widget elementor-widget-text-editor\" data-id=\"76ef47c\" data-element_type=\"widget\" data-e-type=\"widget\" data-widget_type=\"text-editor.default\">\n\t\t\t\t<div class=\"elementor-widget-container\">\n\t\t\t\t\t\t\t\t\t<p>Bienvenue sur lacabanesucree.com<\/p><p>La protection de vos donn\u00e9es personnelles est une priorit\u00e9 pour nous. Cette politique de confidentialit\u00e9 explique comment nous recueillons, utilisons, divulguons et prot\u00e9geons vos informations lorsque vous visitez notre site web. En utilisant ce site, vous acceptez les pratiques d\u00e9crites dans cette politique.<\/p><h5>1. Collecte d\u2019Informations Personnelles<\/h5><p>Nous pouvons collecter certaines informations personnelles vous concernant lorsque vous utilisez notre site web et lorsque vous remplissez un formulaire de contact ou de soumission, y compris votre nom,votre adresse e-mail, votre adresse IP, vos pr\u00e9f\u00e9rences de navigation, et d\u2019autres informations similaires.<\/p><h5>2. Utilisation des Informations Collect\u00e9es<\/h5><p>Les informations que nous collectons peuvent \u00eatre utilis\u00e9es pour : Personnaliser votre exp\u00e9rience sur notre site web. Am\u00e9liorer notre site web et nos services en fonction de vos retours.Vous envoyer des e-mails concernant vos demandes d\u2019informations concernant nos services et promotions.<\/p><h5>3. Partage d\u2019Informations Personnelles<\/h5><p>Nous ne vendons, ne louons ni ne partageons vos informations personnelles avec des tiers, sauf dans les cas suivants : Si cela est n\u00e9cessaire pour fournir un service que vous avez demand\u00e9 (pour une demande de soumission). Si nous y sommes l\u00e9galement tenus par une autorit\u00e9 comp\u00e9tente.Si nous estimons de bonne foi que cela est n\u00e9cessaire pour prot\u00e9ger nos droits, votre s\u00e9curit\u00e9 ou la s\u00e9curit\u00e9 d\u2019autrui.<\/p><h5>4. Cookies et Technologies Similaires<\/h5><p>Nous utilisons des cookies et d\u2019autres technologies similaires pour recueillir des informations\u00a0sur vos interactions avec notre site web. Vous pouvez param\u00e9trer votre navigateur pour\u00a0d\u00e9sactiver les cookies,mais cela pourrait affecter certaines fonctionnalit\u00e9s du site.<\/p><h5>5. S\u00e9curit\u00e9 des Donn\u00e9es<\/h5><p>Nous prenons des mesures de s\u00e9curit\u00e9 pour prot\u00e9ger vos informations personnelles contre l\u2019acc\u00e8s non autoris\u00e9, la divulgation ou la destruction.<\/p><h5>6. Liens Vers des Sites Tiers<\/h5><p>Notre site web peut contenir des liens vers des sites tiers. Nous ne sommes pas responsables des pratiques de confidentialit\u00e9 de ces sites et vous encourageons \u00e0 consulter leurs politiques de confidentialit\u00e9.<\/p><h5>7. Droits en Mati\u00e8re de Confidentialit\u00e9<\/h5><p>Vous avez le droit d\u2019acc\u00e9der \u00e0 vos informations personnelles, de les corriger, de les supprimer ou de vous opposer \u00e0 leur utilisation. Pour exercer ces droits, veuillez nous contacter par courriel notre responsable Antoine Savoie \/ contact@antoinesavoie.com \/ 1 (833) 333-7183<\/p><h5>8. Modifications de la Politique de Confidentialit\u00e9<\/h5><p>Nous nous r\u00e9servons le droit de modifier cette politique de confidentialit\u00e9 \u00e0 tout moment. La date de la derni\u00e8re mise \u00e0 jour sera indiqu\u00e9e en haut de la page. En utilisant notre site web, vous acceptez cette politique de confidentialit\u00e9. Si vous avez des questions<br \/>concernant cette politique, veuillez contacter par courriel notre responsable\u00a0Antoine Savoie \/ contact@antoinesavoie.com \/ 1 (833) 333-7183<\/p>\t\t\t\t\t\t\t\t<\/div>\n\t\t\t\t<\/div>\n\t\t\t\t\t<\/div>\n\t\t\t\t<\/div>\n\t\t\t\t<\/div>\n\t\t","protected":false},"excerpt":{"rendered":"<p>Derni\u00e8re mise \u00e0 jour le 10 D\u00e9cembre 2024 Confidentialit\u00e9 Bienvenue sur lacabanesucree.com La protection de vos donn\u00e9es personnelles est une priorit\u00e9 pour nous. Cette politique de confidentialit\u00e9 explique comment nous recueillons, utilisons, divulguons et prot\u00e9geons vos informations lorsque vous visitez notre site web. En utilisant ce site, vous acceptez les pratiques d\u00e9crites dans cette politique. [&hellip;]<\/p>\n","protected":false},"author":1,"featured_media":0,"parent":0,"menu_order":0,"comment_status":"closed","ping_status":"closed","template":"","meta":{"_acf_changed":false,"footnotes":""},"class_list":["post-15","page","type-page","status-publish","hentry"],"acf":[],"_links":{"self":[{"href":"https:\/\/lacabanesucree.com\/fr-ca\/wp-json\/wp\/v2\/pages\/15","targetHints":{"allow":["GET"]}}],"collection":[{"href":"https:\/\/lacabanesucree.com\/fr-ca\/wp-json\/wp\/v2\/pages"}],"about":[{"href":"https:\/\/lacabanesucree.com\/fr-ca\/wp-json\/wp\/v2\/types\/page"}],"author":[{"embeddable":true,"href":"https:\/\/lacabanesucree.com\/fr-ca\/wp-json\/wp\/v2\/users\/1"}],"replies":[{"embeddable":true,"href":"https:\/\/lacabanesucree.com\/fr-ca\/wp-json\/wp\/v2\/comments?post=15"}],"version-history":[{"count":0,"href":"https:\/\/lacabanesucree.com\/fr-ca\/wp-json\/wp\/v2\/pages\/15\/revisions"}],"wp:attachment":[{"href":"https:\/\/lacabanesucree.com\/fr-ca\/wp-json\/wp\/v2\/media?parent=15"}],"curies":[{"name":"wp","href":"https:\/\/api.w.org\/{rel}","templated":true}]}}